{"id":2,"date":"2008-11-02T09:40:33","date_gmt":"2008-11-02T09:40:33","guid":{"rendered":"http:\/\/enginmercan.com\/?page_id=2"},"modified":"2008-11-02T09:40:33","modified_gmt":"2008-11-02T09:40:33","slug":"about","status":"publish","type":"page","link":"http:\/\/enginmercan.com\/?page_id=2","title":{"rendered":"About"},"content":{"rendered":"<div class=\"entry\">\n<p><img loading=\"lazy\" decoding=\"async\" class=\"alignnone size-full wp-image-89\" title=\"n597457598_176256_2598\" src=\"http:\/\/www.shultays.com\/blog\/wp-content\/uploads\/2008\/11\/n597457598_176256_2598.jpg\" alt=\"n597457598_176256_2598\" width=\"144\" height=\"144\" \/><\/p>\n<p>Ad\u0131m Engin Mercan, resimdeki di\u011fer ki\u015fi de rahmetli hamster\u0131m Fahricik.<\/p>\n<p>Yeditepe \u00dcniversitesi Bilgisayar bilimleri\/m\u00fchendisli\u011fi b\u00f6l\u00fcm\u00fcnde okuyorum. \u015eu anda \u00fc\u00e7\u00fcnc\u00fc s\u0131n\u0131f ikinci d\u00f6nemimdeyim.<\/p>\n<p>Programlamaya Flash ile lise d\u00f6nemimde ba\u015flad\u0131m.\u00a0 ASP, PHP, javascript, html vs bir \u00e7ok web programla dili ile o d\u00f6nemler ha\u015f\u0131r ne\u015fir oldum. \u00dcniversite ile C, C++ ve Java kullanmaya ba\u015flad\u0131m. Genel olarak C ile programlama yapmay\u0131 tercih ederim, e\u011fer proje b\u00fcy\u00fck bir \u015fey ise C++ ile oop kullanmaya y\u00f6nelirim. Az biraz Opengl ile ilgileniyorum. Bitirme projesini grafik \u00fczerine almay\u0131 d\u00fc\u015f\u00fcn\u00fcyorum, o zamana kadar yeterince ustala\u015f\u0131r\u0131m diye umuyorum.<\/p>\n<p>Programlama dilleri hakk\u0131nda s\u00f6yleyebilece\u011fim bu kadar. Kendimi daha \u00e7ok \u201cJack of all, master of none\u201d gibi hissediyorum. Hi\u00e7 bir dilde kendim i\u00e7in \u00e7ok iyiyim diyemem. Ama zaten ka\u00e7 ki\u015fi diyebiliyordur ki?<\/p>\n<p>Ki\u015fisel zevklerime gelince; dizi izlemeyi, fantastik kitaplar okumay\u0131 severim. Anime izlerim, mangalar\u0131 takip etmeye \u00e7al\u0131\u015f\u0131r\u0131m. Algoritmalar ile u\u011fra\u015fmaktan zevk al\u0131r\u0131m. Ne kadar beceremesemde gitar \u00e7almaktan ho\u015flan\u0131r\u0131m.<\/p>\n<p>Gelecek olarak planlar\u0131m akademik kariyer yapmak. A\u015f\u0131r\u0131 y\u00fcksek bir beklentim yok dikkat ederseniz =). Mutlu olaca\u011f\u0131m bir i\u015f sahibi olmak isterim ve akedemisyenli\u011fin de bana uygun oldu\u011funu d\u00fc\u015f\u00fcn\u00fcyorum. En az\u0131ndan mezun olduktan sonraki 1-2 y\u0131l bir denemek istiyorum.<\/p>\n<p>\u015eu anl\u0131k diyebileceklerim bu kadar. Bir about sayfas\u0131 i\u00e7in fazla bile uzun oldu san\u0131r\u0131m =)<\/p>\n<p>Site : http:\/\/www.shultays.com<br \/>\nBlog: http:\/\/www.shultays.com\/blog<br \/>\nMail : <img loading=\"lazy\" decoding=\"async\" class=\"alignnone size-full wp-image-91\" title=\"mail\" src=\"http:\/\/www.shultays.com\/blog\/wp-content\/uploads\/2008\/11\/mail.png\" alt=\"mail\" width=\"151\" height=\"21\" \/><\/div>\n","protected":false},"excerpt":{"rendered":"<p>Ad\u0131m Engin Mercan, resimdeki di\u011fer ki\u015fi de rahmetli hamster\u0131m Fahricik. Yeditepe \u00dcniversitesi Bilgisayar bilimleri\/m\u00fchendisli\u011fi b\u00f6l\u00fcm\u00fcnde okuyorum. \u015eu anda \u00fc\u00e7\u00fcnc\u00fc s\u0131n\u0131f ikinci d\u00f6nemimdeyim. Programlamaya Flash ile lise d\u00f6nemimde ba\u015flad\u0131m.\u00a0 ASP, PHP, javascript, html vs bir \u00e7ok web programla dili ile o d\u00f6nemler ha\u015f\u0131r ne\u015fir oldum. \u00dcniversite ile C, C++ ve Java kullanmaya ba\u015flad\u0131m. Genel olarak C [&hellip;]<\/p>\n","protected":false},"author":1,"featured_media":0,"parent":0,"menu_order":0,"comment_status":"open","ping_status":"open","template":"","meta":{"footnotes":""},"class_list":["post-2","page","type-page","status-publish","hentry"],"_links":{"self":[{"href":"http:\/\/enginmercan.com\/index.php?rest_route=\/wp\/v2\/pages\/2","targetHints":{"allow":["GET"]}}],"collection":[{"href":"http:\/\/enginmercan.com\/index.php?rest_route=\/wp\/v2\/pages"}],"about":[{"href":"http:\/\/enginmercan.com\/index.php?rest_route=\/wp\/v2\/types\/page"}],"author":[{"embeddable":true,"href":"http:\/\/enginmercan.com\/index.php?rest_route=\/wp\/v2\/users\/1"}],"replies":[{"embeddable":true,"href":"http:\/\/enginmercan.com\/index.php?rest_route=%2Fwp%2Fv2%2Fcomments&post=2"}],"version-history":[{"count":0,"href":"http:\/\/enginmercan.com\/index.php?rest_route=\/wp\/v2\/pages\/2\/revisions"}],"wp:attachment":[{"href":"http:\/\/enginmercan.com\/index.php?rest_route=%2Fwp%2Fv2%2Fmedia&parent=2"}],"curies":[{"name":"wp","href":"https:\/\/api.w.org\/{rel}","templated":true}]}}